{"id":29496,"date":"2025-02-19T16:06:46","date_gmt":"2025-02-19T15:06:46","guid":{"rendered":"https:\/\/www.idc.rs\/locations\/"},"modified":"2025-07-09T10:31:50","modified_gmt":"2025-07-09T08:31:50","slug":"lokacije","status":"publish","type":"page","link":"https:\/\/www.idc.rs\/sr\/lokacije\/","title":{"rendered":"Showroom"},"content":{"rendered":"<p>[vc_row css=&#8220;.vc_custom_1744192475704{margin-bottom: 50px !important;}&#8220; mobile_bg_img_hidden=&#8220;no&#8220; tablet_bg_img_hidden=&#8220;no&#8220; woodmart_parallax=&#8220;0&#8243; woodmart_gradient_switch=&#8220;no&#8220; row_reverse_mobile=&#8220;0&#8243; row_reverse_tablet=&#8220;0&#8243; woodmart_disable_overflow=&#8220;0&#8243;][vc_column]\n\t\t\t<!-- START locationslider srb 2 REVOLUTION SLIDER 6.1.0 --><p class=\"rs-p-wp-fix\"><\/p>\n\t\t\t<rs-module-wrap id=\"rev_slider_46_1_wrapper\" data-source=\"gallery\" style=\"background:transparent;padding:0;margin:0px auto;margin-top:0;margin-bottom:0;max-width:none\">\n\t\t\t\t<rs-module id=\"rev_slider_46_1\" style=\"display:none;\" data-version=\"6.1.0\">\n\t\t\t\t\t<rs-slides>\n\t\t\t\t\t\t<rs-slide data-key=\"rs-191\" data-title=\"Slide\" data-anim=\"ei:d;eo:d;s:600ms;r:0;t:fade;sl:d;\">\n\t\t\t\t\t\t\t<img loading=\"lazy\" decoding=\"async\" src=\"\/\/www.idc.rs\/wp-content\/plugins\/revslider\/public\/assets\/assets\/dummy.png\" alt=\"Molteni&C Gregor, Hubert Attico\" title=\"MOLTENI&#038;C\" width=\"1082\" height=\"583\" data-lazyload=\"\/\/www.idc.rs\/wp-content\/plugins\/revslider\/public\/assets\/assets\/transparent.png\" data-bg=\"c:#f6f6f8;f:contain;\" data-parallax=\"off\" class=\"rev-slidebg\" data-no-retina>\n<!--\n\t\t\t\t\t\t\t--><rs-layer\n\t\t\t\t\t\t\t\tid=\"slider-46-slide-191-layer-12\" \n\t\t\t\t\t\t\t\tdata-type=\"image\"\n\t\t\t\t\t\t\t\tdata-rsp_ch=\"on\"\n\t\t\t\t\t\t\t\tdata-xy=\"xo:768px,768px,768px,-1px;yo:0,0,0,168px;\"\n\t\t\t\t\t\t\t\tdata-text=\"w:normal;s:20,20,20,6;l:0,0,0,7;\"\n\t\t\t\t\t\t\t\tdata-dim=\"w:1192px,1192px,1192px,auto;h:596px,596px,596px,auto;\"\n\t\t\t\t\t\t\t\tdata-frame_999=\"o:0;st:w;\"\n\t\t\t\t\t\t\t\tstyle=\"z-index:10;font-family:Roboto;\"\n\t\t\t\t\t\t\t><img loading=\"lazy\" decoding=\"async\" src=\"\/\/www.idc.rs\/wp-content\/plugins\/revslider\/public\/assets\/assets\/dummy.png\" width=\"1920\" height=\"960\" data-lazyload=\"\/\/www.idc.rs\/wp-content\/uploads\/2025\/04\/1_IMGP2048-WEB.jpg\" data-no-retina> \n\t\t\t\t\t\t\t<\/rs-layer><!--\n\n\t\t\t\t\t\t\t--><rs-layer\n\t\t\t\t\t\t\t\tid=\"slider-46-slide-191-layer-13\" \n\t\t\t\t\t\t\t\tdata-type=\"shape\"\n\t\t\t\t\t\t\t\tdata-rsp_ch=\"on\"\n\t\t\t\t\t\t\t\tdata-xy=\"xo:767px,767px,767px,-1px;yo:2px,2px,2px,168px;\"\n\t\t\t\t\t\t\t\tdata-text=\"w:normal;s:20,20,20,6;l:0,0,0,7;\"\n\t\t\t\t\t\t\t\tdata-dim=\"w:632px,632px,632px,100%;h:580px,580px,580px,231px;\"\n\t\t\t\t\t\t\t\tdata-frame_999=\"o:0;st:w;\"\n\t\t\t\t\t\t\t\tstyle=\"z-index:11;background-color:rgba(0,0,0,0.5);font-family:Roboto;\"\n\t\t\t\t\t\t\t> \n\t\t\t\t\t\t\t<\/rs-layer><!--\n\n\t\t\t\t\t\t\t--><rs-layer\n\t\t\t\t\t\t\t\tid=\"slider-46-slide-191-layer-16\" \n\t\t\t\t\t\t\t\tdata-type=\"image\"\n\t\t\t\t\t\t\t\tdata-rsp_ch=\"on\"\n\t\t\t\t\t\t\t\tdata-xy=\"xo:888px,888px,888px,40px;yo:219px,219px,219px,210px;\"\n\t\t\t\t\t\t\t\tdata-text=\"w:normal;s:20,20,20,6;l:0,0,0,7;\"\n\t\t\t\t\t\t\t\tdata-dim=\"w:46px,46px,46px,45px;h:46px,46px,46px,45px;\"\n\t\t\t\t\t\t\t\tdata-frame_999=\"o:0;st:w;\"\n\t\t\t\t\t\t\t\tstyle=\"z-index:13;font-family:Roboto;\"\n\t\t\t\t\t\t\t><img loading=\"lazy\" decoding=\"async\" src=\"\/\/www.idc.rs\/wp-content\/plugins\/revslider\/public\/assets\/assets\/dummy.png\" width=\"1024\" height=\"1024\" data-lazyload=\"\/\/www.idc.rs\/wp-content\/uploads\/2025\/04\/location-icon.png\" data-no-retina> \n\t\t\t\t\t\t\t<\/rs-layer><!--\n\n\t\t\t\t\t\t\t--><rs-layer\n\t\t\t\t\t\t\t\tid=\"slider-46-slide-191-layer-46\" \n\t\t\t\t\t\t\t\tdata-type=\"text\"\n\t\t\t\t\t\t\t\tdata-rsp_ch=\"on\"\n\t\t\t\t\t\t\t\tdata-xy=\"xo:896px,896px,896px,40px;yo:281px,281px,281px,265px;\"\n\t\t\t\t\t\t\t\tdata-text=\"w:normal;s:20,20,20,14;l:25,25,25,16;\"\n\t\t\t\t\t\t\t\tdata-frame_0=\"x:0,0,0,0px;y:0,0,0,0px;\"\n\t\t\t\t\t\t\t\tdata-frame_1=\"x:0,0,0,0px;y:0,0,0,0px;\"\n\t\t\t\t\t\t\t\tdata-frame_999=\"o:0;st:w;\"\n\t\t\t\t\t\t\t\tstyle=\"z-index:15;font-family:Lato;\"\n\t\t\t\t\t\t\t>Dunavska 2, K-District \n\t\t\t\t\t\t\t<\/rs-layer><!--\n\n\t\t\t\t\t\t\t--><rs-layer\n\t\t\t\t\t\t\t\tid=\"slider-46-slide-191-layer-47\" \n\t\t\t\t\t\t\t\tdata-type=\"text\"\n\t\t\t\t\t\t\t\tdata-color=\"rgba(255, 255, 255, 0.9)\"\n\t\t\t\t\t\t\t\tdata-rsp_ch=\"on\"\n\t\t\t\t\t\t\t\tdata-xy=\"xo:896px,896px,896px,40px;yo:317px,317px,317px,289px;\"\n\t\t\t\t\t\t\t\tdata-text=\"w:normal;s:16,16,16,11;l:25,25,25,20;\"\n\t\t\t\t\t\t\t\tdata-frame_0=\"x:0,0,0,0px;y:0,0,0,0px;\"\n\t\t\t\t\t\t\t\tdata-frame_1=\"x:0,0,0,0px;y:0,0,0,0px;\"\n\t\t\t\t\t\t\t\tdata-frame_999=\"o:0;st:w;\"\n\t\t\t\t\t\t\t\tstyle=\"z-index:14;font-family:Lato;\"\n\t\t\t\t\t\t\t>Molteni&C Flagship Store<br \/>\nAntonio Lupi monobrand showroom<br \/>\nMultibrand Showroom  \n\t\t\t\t\t\t\t<\/rs-layer><!--\n\n\t\t\t\t\t\t\t--><rs-layer\n\t\t\t\t\t\t\t\tid=\"slider-46-slide-191-layer-48\" \n\t\t\t\t\t\t\t\tdata-type=\"text\"\n\t\t\t\t\t\t\t\tdata-color=\"rgba(94, 94, 94, 0.9)\"\n\t\t\t\t\t\t\t\tdata-rsp_ch=\"on\"\n\t\t\t\t\t\t\t\tdata-xy=\"xo:84px,84px,84px,40px;yo:268px,268px,268px,54px;\"\n\t\t\t\t\t\t\t\tdata-text=\"w:normal;s:16,16,16,12;l:25,25,25,15;\"\n\t\t\t\t\t\t\t\tdata-dim=\"w:665px,665px,665px,394px;\"\n\t\t\t\t\t\t\t\tdata-frame_0=\"x:0,0,0,0px;y:0,0,0,0px;\"\n\t\t\t\t\t\t\t\tdata-frame_1=\"x:0,0,0,0px;y:0,0,0,0px;\"\n\t\t\t\t\t\t\t\tdata-frame_999=\"o:0;st:w;\"\n\t\t\t\t\t\t\t\tstyle=\"z-index:8;font-family:Lato;\"\n\t\t\t\t\t\t\t>IDC showroom u Beogradu predstavlja flagship prostor za neke od najpoznatijih svetskih brendova, nude\u0107i spoj savremene estetike i sofisticovanih dizajnerskih re\u0161enja za stambene i poslovne prostore.<br \/>\n<br \/>\nPosetite na\u0161 showroom i do\u017eivite umetnost finog \u017eivljenja. Dozvolite nam da vam pomognemo da kreirate savr\u0161en prostor koji odgovara va\u0161oj viziji. \n\t\t\t\t\t\t\t<\/rs-layer><!--\n\n\t\t\t\t\t\t\t--><rs-layer\n\t\t\t\t\t\t\t\tid=\"slider-46-slide-191-layer-49\" \n\t\t\t\t\t\t\t\tdata-type=\"text\"\n\t\t\t\t\t\t\t\tdata-color=\"#020202\"\n\t\t\t\t\t\t\t\tdata-rsp_ch=\"on\"\n\t\t\t\t\t\t\t\tdata-xy=\"xo:84px,84px,84px,39px;yo:205px,205px,205px,17px;\"\n\t\t\t\t\t\t\t\tdata-text=\"w:normal;s:32,32,32,18;l:42,42,42,23;\"\n\t\t\t\t\t\t\t\tdata-dim=\"w:597.66px,597.66px,597.66px,352px;\"\n\t\t\t\t\t\t\t\tdata-frame_0=\"x:0,0,0,0px;y:0,0,0,0px;\"\n\t\t\t\t\t\t\t\tdata-frame_1=\"x:0,0,0,0px;y:0,0,0,0px;\"\n\t\t\t\t\t\t\t\tdata-frame_999=\"o:0;st:w;\"\n\t\t\t\t\t\t\t\tstyle=\"z-index:9;font-family:Lato;\"\n\t\t\t\t\t\t\t>IDC SHOOWROOM \n\t\t\t\t\t\t\t<\/rs-layer><!--\n\n\t\t\t\t\t\t\t--><rs-layer\n\t\t\t\t\t\t\t\tid=\"slider-46-slide-191-layer-50\" \n\t\t\t\t\t\t\t\tdata-type=\"shape\"\n\t\t\t\t\t\t\t\tdata-rsp_ch=\"on\"\n\t\t\t\t\t\t\t\tdata-xy=\"xo:894px,894px,894px,40px;yo:402px,402px,402px,348px;\"\n\t\t\t\t\t\t\t\tdata-text=\"w:normal;s:20,20,20,6;l:0,0,0,7;\"\n\t\t\t\t\t\t\t\tdata-dim=\"w:300px,300px,300px,200px;h:2px,2px,2px,1px;\"\n\t\t\t\t\t\t\t\tdata-frame_0=\"x:0,0,0,0px;y:0,0,0,0px;\"\n\t\t\t\t\t\t\t\tdata-frame_1=\"x:0,0,0,0px;y:0,0,0,0px;\"\n\t\t\t\t\t\t\t\tdata-frame_999=\"o:0;st:w;\"\n\t\t\t\t\t\t\t\tstyle=\"z-index:12;background-color:#ffffff;font-family:Roboto;\"\n\t\t\t\t\t\t\t> \n\t\t\t\t\t\t\t<\/rs-layer><!--\n-->\t\t\t\t\t\t<\/rs-slide>\n\t\t\t\t\t<\/rs-slides>\n\t\t\t\t\t<rs-static-layers><!--\n\t\t\t\t\t--><\/rs-static-layers>\n\t\t\t\t\t<rs-progress style=\"height: 5px; background: rgba(0,0,0,0.15);\"><\/rs-progress>\n\t\t\t\t<\/rs-module>\n\t\t\t\t<script type=\"text\/javascript\">\n\t\t\t\t\tsetREVStartSize({c: 'rev_slider_46_1',rl:[1240,1240,1240,480],el:[583,583,583,400],gw:[1400,1400,1400,470],gh:[583,583,583,400],layout:'fullwidth',mh:\"0\"});\n\t\t\t\t\tvar\trevapi46,\n\t\t\t\t\t\ttpj;\n\t\t\t\t\tjQuery(function() {\n\t\t\t\t\t\ttpj = jQuery;\n\t\t\t\t\t\tif(tpj(\"#rev_slider_46_1\").revolution == undefined){\n\t\t\t\t\t\t\trevslider_showDoubleJqueryError(\"#rev_slider_46_1\");\n\t\t\t\t\t\t}else{\n\t\t\t\t\t\t\trevapi46 = tpj(\"#rev_slider_46_1\").show().revolution({\n\t\t\t\t\t\t\t\tjsFileLocation:\"\/\/www.idc.rs\/wp-content\/plugins\/revslider\/public\/assets\/js\/\",\n\t\t\t\t\t\t\t\tduration:\"2500ms\",\n\t\t\t\t\t\t\t\tvisibilityLevels:\"1240,1240,1240,480\",\n\t\t\t\t\t\t\t\tgridwidth:\"1400,1400,1400,470\",\n\t\t\t\t\t\t\t\tgridheight:\"583,583,583,400\",\n\t\t\t\t\t\t\t\tminHeight:\"\",\n\t\t\t\t\t\t\t\tlazyType:\"smart\",\n\t\t\t\t\t\t\t\teditorheight:\"583,600,324,400\",\n\t\t\t\t\t\t\t\tresponsiveLevels:\"1240,1240,1240,480\",\n\t\t\t\t\t\t\t\tnavigation: {\n\t\t\t\t\t\t\t\t\tkeyboardNavigation:true,\n\t\t\t\t\t\t\t\t\tmouseScrollNavigation:false,\n\t\t\t\t\t\t\t\t\ttouch: {\n\t\t\t\t\t\t\t\t\t\ttouchenabled:true,\n\t\t\t\t\t\t\t\t\t\ttouchOnDesktop:true,\n\t\t\t\t\t\t\t\t\t\tswipe_min_touches:50\n\t\t\t\t\t\t\t\t\t}\n\t\t\t\t\t\t\t\t},\n\t\t\t\t\t\t\t\tparallax: {\n\t\t\t\t\t\t\t\t\tlevels:[2,3,4,5,6,7,12,16,10,50,47,48,49,50,51,55],\n\t\t\t\t\t\t\t\t\ttype:\"mouse\",\n\t\t\t\t\t\t\t\t\torigo:\"slidercenter\",\n\t\t\t\t\t\t\t\t\tspeed:2000\n\t\t\t\t\t\t\t\t},\n\t\t\t\t\t\t\t\tfallbacks: {\n\t\t\t\t\t\t\t\t\tallowHTML5AutoPlayOnAndroid:true\n\t\t\t\t\t\t\t\t},\n\t\t\t\t\t\t\t});\n\t\t\t\t\t\t}\n\t\t\t\t\t\t\n\t\t\t\t\t});\n\t\t\t\t<\/script>\n\t\t\t<\/rs-module-wrap>\n\t\t\t<!-- END REVOLUTION SLIDER -->\n[\/vc_column][\/vc_row][vc_row][vc_column][vc_raw_html]JTNDZGl2JTIwaWQlM0QlMjJjdXN0b20tbWFwJTIyJTIwc3R5bGUlM0QlMjJ3aWR0aCUzQTEwMCUyNSUzQiUyMGhlaWdodCUzQTU1MHB4JTNCJTIwcG9zaXRpb24lM0ElMjByZWxhdGl2ZSUzQiUyMiUzRSUzQyUyRmRpdiUzRSUwQSUwQSUzQyUyMS0tJTIwUHJpbGFnbyVDNCU5MWVuaSUyMEluZm8lMjBCb3hldmklMjAtLSUzRSUwQSUzQyUyMS0tJTNDZGl2JTIwaWQlM0QlMjJpbmZvLWJveC1yaWdodCUyMiUyMGNsYXNzJTNEJTIyaW5mby1ib3glMjIlM0UlMEElMjAlMjAlMjAlMjAlM0NoMyUzRUlEQyUyME11bHRpYnJhbmQlMjBTdG9yZSUzQyUyRmgzJTNFJTBBJTIwJTIwJTIwJTIwJTNDcCUzRSVDNSVCRG9yJUM1JUJFYSUyMEtsZW1hbnNvYSUyMDI0JTNDJTJGcCUzRSUwQSUyMCUyMCUyMCUyMCUzQ3AlMjBjbGFzcyUzRCUyMmluZm8tbm90ZSUyMiUzRVBvbm92byUyMG90dmFyYW5qZSUyMHNlcHRlbWJyYSUyMDIwMjUuJTNDJTJGcCUzRSUwQSUzQyUyRmRpdiUzRSUyMC0tJTNFJTBBJTBBJTNDZGl2JTIwaWQlM0QlMjJpbmZvLWJveC1sZWZ0JTIyJTIwY2xhc3MlM0QlMjJpbmZvLWJveCUyMiUzRSUwQSUyMCUyMCUyMCUyMCUzQ2gzJTNFTW9sdGVuaSUyNkMlMjBGbGFnc2hpcCUyMHN0b3JlJTNDYnIlM0UlMjBBbnRvbmlvTHVwaSUyME1vbm9icmFuZCUyMHN0b3JlJTNDYnIlM0VNdWx0aWJyYW5kJTIwU2hvd3Jvb20lM0MlMkZoMyUzRSUwQSUyMCUyMCUyMCUyMCUzQ3AlM0VEdW5hdnNrYSUyMDIlMjAlMjhLJTIwRGlzdHJpY3QlMjklM0MlMkZwJTNFJTBBJTNDJTIxLS0lMjAlMjAlM0NwJTNFUG9uZWRlbGphayUyMC0lMjBQZXRhayUzQSUyMCUzQ3N0cm9uZyUzRTEwaC0xOGglQzIlQTAlM0MlMkZzdHJvbmclM0UlM0MlMkZwJTNFJTIwLS0lM0UlMEElM0MlMkZkaXYlM0UlMEElMEElM0NzdHlsZSUzRSUwQSUyRiUyQSUyMFN0aWxpemFjaWphJTIwaW5mbyUyMGJveGV2YSUyMCUyQSUyRiUwQS5pbmZvLWJveCUyMCU3QiUwQSUyMCUyMCUyMCUyMHBvc2l0aW9uJTNBJTIwYWJzb2x1dGUlM0IlMEElMjAlMjAlMjAlMjB3aWR0aCUzQSUyMDMxMHB4JTNCJTBBJTIwJTIwJTIwJTIwYmFja2dyb3VuZCUzQSUyMHdoaXRlJTNCJTBBJTIwJTIwJTIwJTIwcGFkZGluZyUzQSUyMDQwcHglM0IlMEElMjAlMjAlMjAlMjBib3gtc2hhZG93JTNBJTIwMHB4JTIwNHB4JTIwNnB4JTIwcmdiYSUyODAlMkMlMjAwJTJDJTIwMCUyQyUyMDAuMiUyOSUzQiUwQSUyMCUyMCUyMCUyMGZvbnQtZmFtaWx5JTNBJTIwQXJpYWwlMkMlMjBzYW5zLXNlcmlmJTNCJTBBJTIwJTIwJTIwJTIwdG9wJTNBJTIwMjBweCUzQiUyMCUyRiUyQSUyMFBvZGUlQzUlQTFhdmFuamUlMjB2ZXJ0aWthbG5vZyUyMHBvbG8lQzUlQkVhamElMjAlMkElMkYlMEElN0QlMEElMEElMkYlMkElMjBMZXZvJTIwcG96aWNpb25pcmFuJTIwYm94JTIwJTJBJTJGJTBBJTIzaW5mby1ib3gtbGVmdCUyMCU3QiUwQSUyMCUyMCUyMCUyMGxlZnQlM0ElMjAyMHB4JTNCJTBBdG9wJTNBNTAlMjUlM0IlMEF0cmFuc2Zvcm0lM0F0cmFuc2xhdGVZJTI4LTUwJTI1JTI5JTNCJTBBJTdEJTBBJTBBJTJGJTJBJTIwRGVzbm8lMjBwb3ppY2lvbmlyYW4lMjBib3glMjAlMkElMkYlMEElMjNpbmZvLWJveC1yaWdodCUyMCU3QiUwQSUyMCUyMCUyMCUyMHJpZ2h0JTNBJTIwMjBweCUzQiUwQXRvcCUzQTUwJTI1JTNCJTBBdHJhbnNmb3JtJTNBdHJhbnNsYXRlWSUyOC01MCUyNSUyOSUzQiUwQSU3RCUwQSUwQSUyRiUyQSUyMFN0aWxpemFjaWphJTIwdGVrc3RhJTIwJTJBJTJGJTBBLmluZm8tdGl0bGUlMjAlN0IlMEElMjAlMjAlMjAlMjBjb2xvciUzQSUyMCUyMzg4OCUzQiUwQSUyMCUyMCUyMCUyMGZvbnQtc2l6ZSUzQSUyMDEycHglM0IlMEElMjAlMjAlMjAlMjBtYXJnaW4lM0ElMjAwJTNCJTBBJTdEJTBBJTBBLmluZm8tYm94JTIwaDMlMjAlN0IlMEElMjAlMjAlMjAlMjBjb2xvciUzQSUyMGJsYWNrJTNCJTBBJTIwJTIwJTIwJTIwZm9udC1zaXplJTNBJTIwMjBweCUzQiUwQSUyMCUyMCUyMCUyMG1hcmdpbiUzQSUyMDVweCUyMDAlM0IlMEElN0QlMEElMEEuaW5mby1ib3glMjBwJTIwJTdCJTBBJTIwJTIwJTIwJTIwY29sb3IlM0ElMjBibGFjayUzQiUwQSUyMCUyMCUyMCUyMGZvbnQtc2l6ZSUzQSUyMDE0cHglM0IlMEElMjAlMjAlMjAlMjBtYXJnaW4lM0ElMjAwJTNCJTBBJTdEJTBBJTBBLmluZm8tbm90ZSUyMCU3QiUwQSUyMCUyMCUyMCUyMGZvbnQtd2VpZ2h0JTNBJTIwYm9sZCUzQiUwQSUyMCUyMCUyMCUyMG1hcmdpbi10b3AlM0ElMjA1cHglM0IlMEElN0QlMEElM0MlMkZzdHlsZSUzRSUwQSUwQSUzQ3NjcmlwdCUzRSUwQWZ1bmN0aW9uJTIwaW5pdEN1c3RvbU1hcCUyOCUyOSUyMCU3QiUwQSUyMCUyMCUyMCUyMHZhciUyMG1hcCUyMCUzRCUyMG5ldyUyMGdvb2dsZS5tYXBzLk1hcCUyOGRvY3VtZW50LmdldEVsZW1lbnRCeUlkJTI4JTIyY3VzdG9tLW1hcCUyMiUyOSUyQyUyMCU3QiUwQSUyMCUyMCUyMCUyMCUyMCUyMCUyMCUyMGNlbnRlciUzQSUyMCU3QiUyMGxhdCUzQSUyMDQ0LjgyMzY2OSUyQyUyMGxuZyUzQSUyMDIwLjQ3NTE5MyUyMCU3RCUyQyUyMCUyRiUyRiUyMENlbnRhciUyMG1hcGUlMEElMjAlMjAlMjAlMjAlMjAlMjAlMjAlMjB6b29tJTNBJTIwMTMlMkMlMEElMjAlMjAlMjAlMjAlN0QlMjklM0IlMEElMEElMjAlMjAlMjAlMjAlMkYlMkYlMjBUcmFuc3BhcmVudGFuJTIwbWFya2VyJTBBJTIwJTIwJTIwJTIwdmFyJTIwdHJhbnNwYXJlbnRJY29uJTIwJTNEJTIwJTdCJTBBJTIwJTIwJTIwJTIwJTIwJTIwJTIwJTIwdXJsJTNBJTIwJTIyaHR0cHMlM0ElMkYlMkZ3d3cuaWRjLnJzJTJGd3AtY29udGVudCUyRnVwbG9hZHMlMkYyMDI1JTJGMDIlMkZtYXBzLWFuZC1mbGFncy5wbmclMjIlMkMlMEElMjAlMjAlMjAlMjAlMjAlMjAlMjAlMjBzY2FsZWRTaXplJTNBJTIwbmV3JTIwZ29vZ2xlLm1hcHMuU2l6ZSUyODQwJTJDJTIwNDAlMjklMjAlMkYlMkYlMjBQcmlsYWdvZGklMjB2ZWxpJUM0JThEaW51JTIwYWtvJTIwamUlMjBwb3RyZWJubyUwQSUyMCUyMCUyMCUyMCU3RCUzQiUwQSUwQSUyMCUyMCUyMCUyMCUyRiUyRiUyMFBydmklMjBtYXJrZXIlMEElMjAlMjAlMjAlMjAlMkYlMkYlMjBuZXclMjBnb29nbGUubWFwcy5NYXJrZXIlMjglN0IlMEElMjAlMjAlMjAlMjAlMjAlMjAlMjAlMkYlMkYlMjBwb3NpdGlvbiUzQSUyMCU3QiUyMGxhdCUzQSUyMDQ0LjgyMzY2OSUyQyUyMGxuZyUzQSUyMDIwLjQ3NTE5MyUyMCU3RCUyQyUwQSUyMCUyMCUyMCUyMCUyMCUyMCUyRiUyRiUyMCUyMG1hcCUzQSUyMG1hcCUyQyUwQSUyMCUyMCUyMCUyMCUyMCUyRiUyRiUyMCUyMCUyMHRpdGxlJTNBJTIwJTIyTFVLQSUyMEJFT0dSQUQlMjIlMkMlMEElMjAlMjAlMjAlMjAlMjAlMkYlMkYlMjAlMjAlMjBpY29uJTNBJTIwdHJhbnNwYXJlbnRJY29uJTBBJTIwJTIwJTJGJTJGJTIwJTIwJTdEJTI5JTNCJTBBJTBBJTIwJTIwJTIwJTIwJTJGJTJGJTIwRHJ1Z2klMjBtYXJrZXIlMEElMjAlMjAlMjAlMjBuZXclMjBnb29nbGUubWFwcy5NYXJrZXIlMjglN0IlMEElMjAlMjAlMjAlMjAlMjAlMjAlMjAlMjBwb3NpdGlvbiUzQSUyMCU3QiUyMGxhdCUzQSUyMDQ0LjgyNzU5MzIlMkMlMjBsbmclM0ElMjAyMC40NDk0OTQxJTIwJTdEJTJDJTBBJTIwJTIwJTIwJTIwJTIwJTIwJTIwJTIwbWFwJTNBJTIwbWFwJTJDJTBBJTIwJTIwJTIwJTIwJTIwJTIwJTIwJTIwdGl0bGUlM0ElMjAlMjJLJTIwRGlzdHJpY3QlMjBTaG93cm9vbSUyMiUyQyUwQSUyMCUyMCUyMCUyMCUyMCUyMCUyMCUyMGljb24lM0ElMjB0cmFuc3BhcmVudEljb24lMEElMjAlMjAlMjAlMjAlN0QlMjklM0IlMEElN0QlMEElM0MlMkZzY3JpcHQlM0UlMEElMEElM0NzY3JpcHQlMjBhc3luYyUyMGRlZmVyJTIwc3JjJTNEJTIyaHR0cHMlM0ElMkYlMkZtYXBzLmdvb2dsZWFwaXMuY29tJTJGbWFwcyUyRmFwaSUyRmpzJTNGa2V5JTNEQUl6YVN5QW9YWWIwdU9GczlmNktpSjkwdVZFaDBfUENBbUM4ZTRjJTI2Y2FsbGJhY2slM0Rpbml0Q3VzdG9tTWFwJTIyJTNFJTNDJTJGc2NyaXB0JTNF[\/vc_raw_html][\/vc_column][\/vc_row]<\/p>\n","protected":false},"excerpt":{"rendered":"<p>[vc_row css=&#8220;.vc_custom_1744192475704{margin-bottom: 50px !important;}&#8220; mobile_bg_img_hidden=&#8220;no&#8220; tablet_bg_img_hidden=&#8220;no&#8220; woodmart_parallax=&#8220;0&#8243; woodmart_gradient_switch=&#8220;no&#8220; row_reverse_mobile=&#8220;0&#8243; row_reverse_tablet=&#8220;0&#8243; woodmart_disable_overflow=&#8220;0&#8243;][vc_column][\/vc_column][\/vc_row][vc_row][vc_column][vc_raw_html]JTNDZGl2JTIwaWQlM0QlMjJjdXN0b20tbWFwJTIyJTIwc3R5bGUlM0QlMjJ3aWR0aCUzQTEwMCUyNSUzQiUyMGhlaWdodCUzQTU1MHB4JTNCJTIwcG9zaXRpb24lM0ElMjByZWxhdGl2ZSUzQiUyMiUzRSUzQyUyRmRpdiUzRSUwQSUwQSUzQyUyMS0tJTIwUHJpbGFnbyVDNCU5MWVuaSUyMEluZm8lMjBCb3hldmklMjAtLSUzRSUwQSUzQyUyMS0tJTNDZGl2JTIwaWQlM0QlMjJpbmZvLWJveC1yaWdodCUyMiUyMGNsYXNzJTNEJTIyaW5mby1ib3glMjIlM0UlMEElMjAlMjAlMjAlMjAlM0NoMyUzRUlEQyUyME11bHRpYnJhbmQlMjBTdG9yZSUzQyUyRmgzJTNFJTBBJTIwJTIwJTIwJTIwJTNDcCUzRSVDNSVCRG9yJUM1JUJFYSUyMEtsZW1hbnNvYSUyMDI0JTNDJTJGcCUzRSUwQSUyMCUyMCUyMCUyMCUzQ3AlMjBjbGFzcyUzRCUyMmluZm8tbm90ZSUyMiUzRVBvbm92byUyMG90dmFyYW5qZSUyMHNlcHRlbWJyYSUyMDIwMjUuJTNDJTJGcCUzRSUwQSUzQyUyRmRpdiUzRSUyMC0tJTNFJTBBJTBBJTNDZGl2JTIwaWQlM0QlMjJpbmZvLWJveC1sZWZ0JTIyJTIwY2xhc3MlM0QlMjJpbmZvLWJveCUyMiUzRSUwQSUyMCUyMCUyMCUyMCUzQ2gzJTNFTW9sdGVuaSUyNkMlMjBGbGFnc2hpcCUyMHN0b3JlJTNDYnIlM0UlMjBBbnRvbmlvTHVwaSUyME1vbm9icmFuZCUyMHN0b3JlJTNDYnIlM0VNdWx0aWJyYW5kJTIwU2hvd3Jvb20lM0MlMkZoMyUzRSUwQSUyMCUyMCUyMCUyMCUzQ3AlM0VEdW5hdnNrYSUyMDIlMjAlMjhLJTIwRGlzdHJpY3QlMjklM0MlMkZwJTNFJTBBJTNDJTIxLS0lMjAlMjAlM0NwJTNFUG9uZWRlbGphayUyMC0lMjBQZXRhayUzQSUyMCUzQ3N0cm9uZyUzRTEwaC0xOGglQzIlQTAlM0MlMkZzdHJvbmclM0UlM0MlMkZwJTNFJTIwLS0lM0UlMEElM0MlMkZkaXYlM0UlMEElMEElM0NzdHlsZSUzRSUwQSUyRiUyQSUyMFN0aWxpemFjaWphJTIwaW5mbyUyMGJveGV2YSUyMCUyQSUyRiUwQS5pbmZvLWJveCUyMCU3QiUwQSUyMCUyMCUyMCUyMHBvc2l0aW9uJTNBJTIwYWJzb2x1dGUlM0IlMEElMjAlMjAlMjAlMjB3aWR0aCUzQSUyMDMxMHB4JTNCJTBBJTIwJTIwJTIwJTIwYmFja2dyb3VuZCUzQSUyMHdoaXRlJTNCJTBBJTIwJTIwJTIwJTIwcGFkZGluZyUzQSUyMDQwcHglM0IlMEElMjAlMjAlMjAlMjBib3gtc2hhZG93JTNBJTIwMHB4JTIwNHB4JTIwNnB4JTIwcmdiYSUyODAlMkMlMjAwJTJDJTIwMCUyQyUyMDAuMiUyOSUzQiUwQSUyMCUyMCUyMCUyMGZvbnQtZmFtaWx5JTNBJTIwQXJpYWwlMkMlMjBzYW5zLXNlcmlmJTNCJTBBJTIwJTIwJTIwJTIwdG9wJTNBJTIwMjBweCUzQiUyMCUyRiUyQSUyMFBvZGUlQzUlQTFhdmFuamUlMjB2ZXJ0aWthbG5vZyUyMHBvbG8lQzUlQkVhamElMjAlMkElMkYlMEElN0QlMEElMEElMkYlMkElMjBMZXZvJTIwcG96aWNpb25pcmFuJTIwYm94JTIwJTJBJTJGJTBBJTIzaW5mby1ib3gtbGVmdCUyMCU3QiUwQSUyMCUyMCUyMCUyMGxlZnQlM0ElMjAyMHB4JTNCJTBBdG9wJTNBNTAlMjUlM0IlMEF0cmFuc2Zvcm0lM0F0cmFuc2xhdGVZJTI4LTUwJTI1JTI5JTNCJTBBJTdEJTBBJTBBJTJGJTJBJTIwRGVzbm8lMjBwb3ppY2lvbmlyYW4lMjBib3glMjAlMkElMkYlMEElMjNpbmZvLWJveC1yaWdodCUyMCU3QiUwQSUyMCUyMCUyMCUyMHJpZ2h0JTNBJTIwMjBweCUzQiUwQXRvcCUzQTUwJTI1JTNCJTBBdHJhbnNmb3JtJTNBdHJhbnNsYXRlWSUyOC01MCUyNSUyOSUzQiUwQSU3RCUwQSUwQSUyRiUyQSUyMFN0aWxpemFjaWphJTIwdGVrc3RhJTIwJTJBJTJGJTBBLmluZm8tdGl0bGUlMjAlN0IlMEElMjAlMjAlMjAlMjBjb2xvciUzQSUyMCUyMzg4OCUzQiUwQSUyMCUyMCUyMCUyMGZvbnQtc2l6ZSUzQSUyMDEycHglM0IlMEElMjAlMjAlMjAlMjBtYXJnaW4lM0ElMjAwJTNCJTBBJTdEJTBBJTBBLmluZm8tYm94JTIwaDMlMjAlN0IlMEElMjAlMjAlMjAlMjBjb2xvciUzQSUyMGJsYWNrJTNCJTBBJTIwJTIwJTIwJTIwZm9udC1zaXplJTNBJTIwMjBweCUzQiUwQSUyMCUyMCUyMCUyMG1hcmdpbiUzQSUyMDVweCUyMDAlM0IlMEElN0QlMEElMEEuaW5mby1ib3glMjBwJTIwJTdCJTBBJTIwJTIwJTIwJTIwY29sb3IlM0ElMjBibGFjayUzQiUwQSUyMCUyMCUyMCUyMGZvbnQtc2l6ZSUzQSUyMDE0cHglM0IlMEElMjAlMjAlMjAlMjBtYXJnaW4lM0ElMjAwJTNCJTBBJTdEJTBBJTBBLmluZm8tbm90ZSUyMCU3QiUwQSUyMCUyMCUyMCUyMGZvbnQtd2VpZ2h0JTNBJTIwYm9sZCUzQiUwQSUyMCUyMCUyMCUyMG1hcmdpbi10b3AlM0ElMjA1cHglM0IlMEElN0QlMEElM0MlMkZzdHlsZSUzRSUwQSUwQSUzQ3NjcmlwdCUzRSUwQWZ1bmN0aW9uJTIwaW5pdEN1c3RvbU1hcCUyOCUyOSUyMCU3QiUwQSUyMCUyMCUyMCUyMHZhciUyMG1hcCUyMCUzRCUyMG5ldyUyMGdvb2dsZS5tYXBzLk1hcCUyOGRvY3VtZW50LmdldEVsZW1lbnRCeUlkJTI4JTIyY3VzdG9tLW1hcCUyMiUyOSUyQyUyMCU3QiUwQSUyMCUyMCUyMCUyMCUyMCUyMCUyMCUyMGNlbnRlciUzQSUyMCU3QiUyMGxhdCUzQSUyMDQ0LjgyMzY2OSUyQyUyMGxuZyUzQSUyMDIwLjQ3NTE5MyUyMCU3RCUyQyUyMCUyRiUyRiUyMENlbnRhciUyMG1hcGUlMEElMjAlMjAlMjAlMjAlMjAlMjAlMjAlMjB6b29tJTNBJTIwMTMlMkMlMEElMjAlMjAlMjAlMjAlN0QlMjklM0IlMEElMEElMjAlMjAlMjAlMjAlMkYlMkYlMjBUcmFuc3BhcmVudGFuJTIwbWFya2VyJTBBJTIwJTIwJTIwJTIwdmFyJTIwdHJhbnNwYXJlbnRJY29uJTIwJTNEJTIwJTdCJTBBJTIwJTIwJTIwJTIwJTIwJTIwJTIwJTIwdXJsJTNBJTIwJTIyaHR0cHMlM0ElMkYlMkZ3d3cuaWRjLnJzJTJGd3AtY29udGVudCUyRnVwbG9hZHMlMkYyMDI1JTJGMDIlMkZtYXBzLWFuZC1mbGFncy5wbmclMjIlMkMlMEElMjAlMjAlMjAlMjAlMjAlMjAlMjAlMjBzY2FsZWRTaXplJTNBJTIwbmV3JTIwZ29vZ2xlLm1hcHMuU2l6ZSUyODQwJTJDJTIwNDAlMjklMjAlMkYlMkYlMjBQcmlsYWdvZGklMjB2ZWxpJUM0JThEaW51JTIwYWtvJTIwamUlMjBwb3RyZWJubyUwQSUyMCUyMCUyMCUyMCU3RCUzQiUwQSUwQSUyMCUyMCUyMCUyMCUyRiUyRiUyMFBydmklMjBtYXJrZXIlMEElMjAlMjAlMjAlMjAlMkYlMkYlMjBuZXclMjBnb29nbGUubWFwcy5NYXJrZXIlMjglN0IlMEElMjAlMjAlMjAlMjAlMjAlMjAlMjAlMkYlMkYlMjBwb3NpdGlvbiUzQSUyMCU3QiUyMGxhdCUzQSUyMDQ0LjgyMzY2OSUyQyUyMGxuZyUzQSUyMDIwLjQ3NTE5MyUyMCU3RCUyQyUwQSUyMCUyMCUyMCUyMCUyMCUyMCUyRiUyRiUyMCUyMG1hcCUzQSUyMG1hcCUyQyUwQSUyMCUyMCUyMCUyMCUyMCUyRiUyRiUyMCUyMCUyMHRpdGxlJTNBJTIwJTIyTFVLQSUyMEJFT0dSQUQlMjIlMkMlMEElMjAlMjAlMjAlMjAlMjAlMkYlMkYlMjAlMjAlMjBpY29uJTNBJTIwdHJhbnNwYXJlbnRJY29uJTBBJTIwJTIwJTJGJTJGJTIwJTIwJTdEJTI5JTNCJTBBJTBBJTIwJTIwJTIwJTIwJTJGJTJGJTIwRHJ1Z2klMjBtYXJrZXIlMEElMjAlMjAlMjAlMjBuZXclMjBnb29nbGUubWFwcy5NYXJrZXIlMjglN0IlMEElMjAlMjAlMjAlMjAlMjAlMjAlMjAlMjBwb3NpdGlvbiUzQSUyMCU3QiUyMGxhdCUzQSUyMDQ0LjgyNzU5MzIlMkMlMjBsbmclM0ElMjAyMC40NDk0OTQxJTIwJTdEJTJDJTBBJTIwJTIwJTIwJTIwJTIwJTIwJTIwJTIwbWFwJTNBJTIwbWFwJTJDJTBBJTIwJTIwJTIwJTIwJTIwJTIwJTIwJTIwdGl0bGUlM0ElMjAlMjJLJTIwRGlzdHJpY3QlMjBTaG93cm9vbSUyMiUyQyUwQSUyMCUyMCUyMCUyMCUyMCUyMCUyMCUyMGljb24lM0ElMjB0cmFuc3BhcmVudEljb24lMEElMjAlMjAlMjAlMjAlN0QlMjklM0IlMEElN0QlMEElM0MlMkZzY3JpcHQlM0UlMEElMEElM0NzY3JpcHQlMjBhc3luYyUyMGRlZmVyJTIwc3JjJTNEJTIyaHR0cHMlM0ElMkYlMkZtYXBzLmdvb2dsZWFwaXMuY29tJTJGbWFwcyUyRmFwaSUyRmpzJTNGa2V5JTNEQUl6YVN5QW9YWWIwdU9GczlmNktpSjkwdVZFaDBfUENBbUM4ZTRjJTI2Y2FsbGJhY2slM0Rpbml0Q3VzdG9tTWFwJTIyJTNFJTNDJTJGc2NyaXB0JTNF[\/vc_raw_html][\/vc_column][\/vc_row]<\/p>\n","protected":false},"author":17487,"featured_media":0,"parent":0,"menu_order":0,"comment_status":"closed","ping_status":"closed","template":"","meta":{"footnotes":""},"class_list":["post-29496","page","type-page","status-publish","hentry"],"_links":{"self":[{"href":"https:\/\/www.idc.rs\/sr\/wp-json\/wp\/v2\/pages\/29496","targetHints":{"allow":["GET"]}}],"collection":[{"href":"https:\/\/www.idc.rs\/sr\/wp-json\/wp\/v2\/pages"}],"about":[{"href":"https:\/\/www.idc.rs\/sr\/wp-json\/wp\/v2\/types\/page"}],"author":[{"embeddable":true,"href":"https:\/\/www.idc.rs\/sr\/wp-json\/wp\/v2\/users\/17487"}],"replies":[{"embeddable":true,"href":"https:\/\/www.idc.rs\/sr\/wp-json\/wp\/v2\/comments?post=29496"}],"version-history":[{"count":6,"href":"https:\/\/www.idc.rs\/sr\/wp-json\/wp\/v2\/pages\/29496\/revisions"}],"predecessor-version":[{"id":29993,"href":"https:\/\/www.idc.rs\/sr\/wp-json\/wp\/v2\/pages\/29496\/revisions\/29993"}],"wp:attachment":[{"href":"https:\/\/www.idc.rs\/sr\/wp-json\/wp\/v2\/media?parent=29496"}],"curies":[{"name":"wp","href":"https:\/\/api.w.org\/{rel}","templated":true}]}}